{"id":1295,"date":"2023-06-21T22:21:23","date_gmt":"2023-06-21T22:21:23","guid":{"rendered":"https:\/\/qservuswebsite.wpengine.com\/?page_id=1295"},"modified":"2023-11-10T20:39:33","modified_gmt":"2023-11-10T20:39:33","slug":"webinars","status":"publish","type":"page","link":"https:\/\/www.qservus.com\/es\/webinars\/","title":{"rendered":"Webinars"},"content":{"rendered":"\t\t<div data-elementor-type=\"wp-page\" data-elementor-id=\"1295\" class=\"elementor elementor-1295\" data-elementor-settings=\"{&quot;ha_cmc_init_switcher&quot;:&quot;no&quot;}\">\n\t\t\t\t\t\t<section class=\"elementor-section elementor-top-section elementor-element elementor-element-4d67a34 elementor-section-full_width elementor-section-height-default elementor-section-height-default wpr-particle-no wpr-jarallax-no wpr-parallax-no wpr-sticky-section-no\" data-id=\"4d67a34\" data-element_type=\"section\" data-e-type=\"section\" data-settings=\"{&quot;background_background&quot;:&quot;classic&quot;,&quot;_ha_eqh_enable&quot;:false}\">\n\t\t\t\t\t\t\t<div class=\"elementor-background-overlay\"><\/div>\n\t\t\t\t\t\t\t<div class=\"elementor-container elementor-column-gap-default\">\n\t\t\t\t\t<div class=\"elementor-column elementor-col-50 elementor-top-column elementor-element elementor-element-2051c63\" data-id=\"2051c63\" data-element_type=\"column\" data-e-type=\"column\">\n\t\t\t<div class=\"elementor-widget-wrap elementor-element-populated\">\n\t\t\t\t\t\t<div class=\"elementor-element elementor-element-b98139a elementor-widget elementor-widget-elementskit-heading\" data-id=\"b98139a\" data-element_type=\"widget\" data-e-type=\"widget\" data-widget_type=\"elementskit-heading.default\">\n\t\t\t\t<div class=\"elementor-widget-container\">\n\t\t\t\t\t<div class=\"ekit-wid-con\" ><div class=\"ekit-heading elementskit-section-title-wraper text_left   ekit_heading_tablet-   ekit_heading_mobile-text_center\"><h2 class=\"ekit-heading--title elementskit-section-title \">Descubre la excelencia con nuestros <span><span> webinars <\/span><\/span><\/h2><div class=\"ekit_heading_separetor_wraper ekit_heading_elementskit-border-divider elementskit-style-long\"><div class=\"elementskit-border-divider elementskit-style-long\"><\/div><\/div>\t\t\t\t<div class='ekit-heading__description'>\n\t\t\t\t\t<p>Nuestros webinars te gu\u00edan hacia el \u00e9xito, brind\u00e1ndote las herramientas para llevar tu negocio a otro nivel.<\/p>\n\t\t\t\t<\/div>\n\t\t\t<\/div><\/div>\t\t\t\t<\/div>\n\t\t\t\t<\/div>\n\t\t\t\t\t<\/div>\n\t\t<\/div>\n\t\t\t\t<div class=\"elementor-column elementor-col-50 elementor-top-column elementor-element elementor-element-0883657\" data-id=\"0883657\" data-element_type=\"column\" data-e-type=\"column\">\n\t\t\t<div class=\"elementor-widget-wrap\">\n\t\t\t\t\t\t\t<\/div>\n\t\t<\/div>\n\t\t\t\t\t<\/div>\n\t\t<\/section>\n\t\t\t\t<section class=\"elementor-section elementor-top-section elementor-element elementor-element-b97a61d elementor-section-content-middle elementor-section-boxed elementor-section-height-default elementor-section-height-default wpr-particle-no wpr-jarallax-no wpr-parallax-no wpr-sticky-section-no\" data-id=\"b97a61d\" data-element_type=\"section\" data-e-type=\"section\" data-settings=\"{&quot;background_background&quot;:&quot;classic&quot;,&quot;_ha_eqh_enable&quot;:false}\">\n\t\t\t\t\t\t<div class=\"elementor-container elementor-column-gap-default\">\n\t\t\t\t\t<div class=\"elementor-column elementor-col-50 elementor-top-column elementor-element elementor-element-66aa345\" data-id=\"66aa345\" data-element_type=\"column\" data-e-type=\"column\" data-settings=\"{&quot;background_background&quot;:&quot;classic&quot;}\">\n\t\t\t<div class=\"elementor-widget-wrap elementor-element-populated\">\n\t\t\t\t\t\t<div class=\"elementor-element elementor-element-b691274 elementor-widget-tablet__width-initial elementor-widget elementor-widget-image\" data-id=\"b691274\" data-element_type=\"widget\" data-e-type=\"widget\" data-widget_type=\"image.default\">\n\t\t\t\t<div class=\"elementor-widget-container\">\n\t\t\t\t\t\t\t\t\t\t\t\t\t\t\t<img fetchpriority=\"high\" decoding=\"async\" width=\"1080\" height=\"1080\" src=\"https:\/\/www.qservus.com\/wp-content\/uploads\/2023\/06\/1-2.png\" class=\"attachment-full size-full wp-image-1337\" alt=\"\" srcset=\"https:\/\/www.qservus.com\/wp-content\/uploads\/2023\/06\/1-2.png 1080w, https:\/\/www.qservus.com\/wp-content\/uploads\/2023\/06\/1-2-300x300.png 300w, https:\/\/www.qservus.com\/wp-content\/uploads\/2023\/06\/1-2-1024x1024.png 1024w, https:\/\/www.qservus.com\/wp-content\/uploads\/2023\/06\/1-2-150x150.png 150w, https:\/\/www.qservus.com\/wp-content\/uploads\/2023\/06\/1-2-768x768.png 768w, https:\/\/www.qservus.com\/wp-content\/uploads\/2023\/06\/1-2-600x600.png 600w\" sizes=\"(max-width: 1080px) 100vw, 1080px\" \/>\t\t\t\t\t\t\t\t\t\t\t\t\t\t\t<\/div>\n\t\t\t\t<\/div>\n\t\t\t\t\t<\/div>\n\t\t<\/div>\n\t\t\t\t<div class=\"elementor-column elementor-col-50 elementor-top-column elementor-element elementor-element-b18119a\" data-id=\"b18119a\" data-element_type=\"column\" data-e-type=\"column\" data-settings=\"{&quot;background_background&quot;:&quot;classic&quot;}\">\n\t\t\t<div class=\"elementor-widget-wrap elementor-element-populated\">\n\t\t\t\t\t\t<div class=\"elementor-element elementor-element-86e71ea elementor-widget elementor-widget-heading\" data-id=\"86e71ea\" data-element_type=\"widget\" data-e-type=\"widget\" data-widget_type=\"heading.default\">\n\t\t\t\t<div class=\"elementor-widget-container\">\n\t\t\t\t\t<h5 class=\"elementor-heading-title elementor-size-default\"><b>WEBINAR<\/b><\/h5>\t\t\t\t<\/div>\n\t\t\t\t<\/div>\n\t\t\t\t<div class=\"elementor-element elementor-element-0a24887 elementor-widget elementor-widget-heading\" data-id=\"0a24887\" data-element_type=\"widget\" data-e-type=\"widget\" data-widget_type=\"heading.default\">\n\t\t\t\t<div class=\"elementor-widget-container\">\n\t\t\t\t\t<h5 class=\"elementor-heading-title elementor-size-default\">El poder de la IA para escuchar a clientes y empleados<\/h5>\t\t\t\t<\/div>\n\t\t\t\t<\/div>\n\t\t\t\t<div class=\"elementor-element elementor-element-182ce32 elementor-widget elementor-widget-text-editor\" data-id=\"182ce32\" data-element_type=\"widget\" data-e-type=\"widget\" data-widget_type=\"text-editor.default\">\n\t\t\t\t<div class=\"elementor-widget-container\">\n\t\t\t\t\t\t\t\t\t<div class=\"elementor-element elementor-element-29ade65 elementor-widget elementor-widget-text-editor\" data-id=\"29ade65\" data-element_type=\"widget\" data-widget_type=\"text-editor.default\"><div class=\"elementor-widget-container\"><div class=\"elementor-element elementor-element-29ade65 elementor-widget elementor-widget-text-editor\" data-id=\"29ade65\" data-element_type=\"widget\" data-widget_type=\"text-editor.default\"><div class=\"elementor-widget-container\"><p class=\"ekit-heading--title elementskit-section-title \"><strong>En este\u00a0webinar\u00a0aprender\u00e1s:<\/strong><\/p><ul><li>Las \u00faltimas\u00a0<strong>tendencias en Experiencia del Cliente (CX)<\/strong>\u00a0para que puedas mantenerte actualizado y relevante en el mercado actual.<\/li><\/ul><\/div><\/div><div class=\"elementor-element elementor-element-f421eec elementor-widget elementor-widget-text-editor\" data-id=\"f421eec\" data-element_type=\"widget\" data-widget_type=\"text-editor.default\"><div class=\"elementor-widget-container\"><ul><li>C\u00f3mo liderar con\u00a0<strong>Real Time Feedback<\/strong>\u00a0para obtener informaci\u00f3n precisa y relevante en tiempo real, lo que te permitir\u00e1 tomar decisiones basadas en datos.<\/li><\/ul><\/div><\/div><div class=\"elementor-element elementor-element-401afdb elementor-widget elementor-widget-text-editor\" data-id=\"401afdb\" data-element_type=\"widget\" data-widget_type=\"text-editor.default\"><div class=\"elementor-widget-container\"><ul><li>C\u00f3mo aplicar la\u00a0<strong>Inteligencia Artificial<\/strong>\u00a0<strong>para mejorar la experiencia de tus clientes y empleados<\/strong>\u00a0de manera personalizada y as\u00ed incrementar su lealtad hacia tu empresa.<\/li><\/ul><\/div><\/div><\/div><\/div>\t\t\t\t\t\t\t\t<\/div>\n\t\t\t\t<\/div>\n\t\t\t\t<div class=\"elementor-element elementor-element-ea79b3f elementor-align-center elementor-widescreen-align-center elementor-mobile-align-center animated-fast elementor-invisible elementor-widget elementor-widget-button\" data-id=\"ea79b3f\" data-element_type=\"widget\" data-e-type=\"widget\" data-settings=\"{&quot;_animation&quot;:&quot;pulse&quot;}\" data-widget_type=\"button.default\">\n\t\t\t\t<div class=\"elementor-widget-container\">\n\t\t\t\t\t\t\t\t\t<div class=\"elementor-button-wrapper\">\n\t\t\t\t\t<a class=\"elementor-button elementor-button-link elementor-size-lg\" href=\"https:\/\/www.qservus.com\/webinar-el-poder-de-la-ia-para-escuchar-a-clientes-y-empleados\/\">\n\t\t\t\t\t\t<span class=\"elementor-button-content-wrapper\">\n\t\t\t\t\t\t\t\t\t<span class=\"elementor-button-text\">VER AHORA<\/span>\n\t\t\t\t\t<\/span>\n\t\t\t\t\t<\/a>\n\t\t\t\t<\/div>\n\t\t\t\t\t\t\t\t<\/div>\n\t\t\t\t<\/div>\n\t\t\t\t\t<\/div>\n\t\t<\/div>\n\t\t\t\t\t<\/div>\n\t\t<\/section>\n\t\t\t\t<section class=\"elementor-section elementor-top-section elementor-element elementor-element-3d4327d elementor-section-full_width elementor-section-height-default elementor-section-height-default wpr-particle-no wpr-jarallax-no wpr-parallax-no wpr-sticky-section-no\" data-id=\"3d4327d\" data-element_type=\"section\" data-e-type=\"section\" data-settings=\"{&quot;background_background&quot;:&quot;classic&quot;,&quot;_ha_eqh_enable&quot;:false}\">\n\t\t\t\t\t\t<div class=\"elementor-container elementor-column-gap-default\">\n\t\t\t\t\t<div class=\"elementor-column elementor-col-100 elementor-top-column elementor-element elementor-element-cf5f23f\" data-id=\"cf5f23f\" data-element_type=\"column\" data-e-type=\"column\">\n\t\t\t<div class=\"elementor-widget-wrap elementor-element-populated\">\n\t\t\t\t\t\t<div class=\"elementor-element elementor-element-4a2e7f7 elementor-widget elementor-widget-heading\" data-id=\"4a2e7f7\" data-element_type=\"widget\" data-e-type=\"widget\" data-widget_type=\"heading.default\">\n\t\t\t\t<div class=\"elementor-widget-container\">\n\t\t\t\t\t<h2 class=\"elementor-heading-title elementor-size-default\">\u00a1Convierte los comentarios de tus clientes en oportunidades de mejora!<\/h2>\t\t\t\t<\/div>\n\t\t\t\t<\/div>\n\t\t\t\t<div class=\"elementor-element elementor-element-2789474 elementor-align-center animated-fast elementor-invisible elementor-widget elementor-widget-button\" data-id=\"2789474\" data-element_type=\"widget\" data-e-type=\"widget\" data-settings=\"{&quot;_animation&quot;:&quot;pulse&quot;}\" data-widget_type=\"button.default\">\n\t\t\t\t<div class=\"elementor-widget-container\">\n\t\t\t\t\t\t\t\t\t<div class=\"elementor-button-wrapper\">\n\t\t\t\t\t<a class=\"elementor-button elementor-button-link elementor-size-lg\" href=\"https:\/\/www.qservus.com\/es\/agendar-demo\/?utm_source=Web&#038;utm_medium=Boton&#038;utm_campaign=Webinar\">\n\t\t\t\t\t\t<span class=\"elementor-button-content-wrapper\">\n\t\t\t\t\t\t\t\t\t<span class=\"elementor-button-text\">\u00a1Comienza ahora!<\/span>\n\t\t\t\t\t<\/span>\n\t\t\t\t\t<\/a>\n\t\t\t\t<\/div>\n\t\t\t\t\t\t\t\t<\/div>\n\t\t\t\t<\/div>\n\t\t\t\t\t<\/div>\n\t\t<\/div>\n\t\t\t\t\t<\/div>\n\t\t<\/section>\n\t\t\t\t<\/div>\n\t\t","protected":false},"excerpt":{"rendered":"<p>Descubre la excelencia con nuestros webinars Nuestros webinars te gu\u00edan hacia el \u00e9xito, brind\u00e1ndote las herramientas para llevar tu negocio a otro nivel. WEBINAR El poder de la IA para escuchar a clientes y empleados En este\u00a0webinar\u00a0aprender\u00e1s: Las \u00faltimas\u00a0tendencias en Experiencia del Cliente (CX)\u00a0para que puedas mantenerte actualizado y relevante en el mercado actual. C\u00f3mo liderar con\u00a0Real Time Feedback\u00a0para obtener informaci\u00f3n precisa y relevante en tiempo real, lo que te permitir\u00e1 tomar decisiones basadas en datos. C\u00f3mo aplicar la\u00a0Inteligencia Artificial\u00a0para mejorar la experiencia de tus clientes y empleados\u00a0de manera personalizada y as\u00ed incrementar su lealtad hacia tu empresa. VER AHORA \u00a1Convierte los comentarios de tus clientes en oportunidades de mejora! \u00a1Comienza ahora!<\/p>\n","protected":false},"author":2,"featured_media":1337,"parent":0,"menu_order":0,"comment_status":"closed","ping_status":"closed","template":"","meta":{"content-type":"","_monsterinsights_skip_tracking":false,"_monsterinsights_sitenote_active":false,"_monsterinsights_sitenote_note":"","_monsterinsights_sitenote_category":0,"site-sidebar-layout":"no-sidebar","site-content-layout":"page-builder","ast-site-content-layout":"default","site-content-style":"default","site-sidebar-style":"default","ast-global-header-display":"","ast-banner-title-visibility":"","ast-main-header-display":"","ast-hfb-above-header-display":"","ast-hfb-below-header-display":"","ast-hfb-mobile-header-display":"","site-post-title":"disabled","ast-breadcrumbs-content":"","ast-featured-img":"disabled","footer-sml-layout":"","ast-disable-related-posts":"","theme-transparent-header-meta":"","adv-header-id-meta":"","stick-header-meta":"","header-above-stick-meta":"","header-main-stick-meta":"","header-below-stick-meta":"","astra-migrate-meta-layouts":"default","ast-page-background-enabled":"default","ast-page-background-meta":{"desktop":{"background-color":"var(--ast-global-color-4)","background-image":"","background-repeat":"repeat","background-position":"center center","background-size":"auto","background-attachment":"scroll","background-type":"","background-media":"","overlay-type":"","overlay-color":"","overlay-opacity":"","overlay-gradient":""},"tablet":{"background-color":"","background-image":"","background-repeat":"repeat","background-position":"center center","background-size":"auto","background-attachment":"scroll","background-type":"","background-media":"","overlay-type":"","overlay-color":"","overlay-opacity":"","overlay-gradient":""},"mobile":{"background-color":"","background-image":"","background-repeat":"repeat","background-position":"center center","background-size":"auto","background-attachment":"scroll","background-type":"","background-media":"","overlay-type":"","overlay-color":"","overlay-opacity":"","overlay-gradient":""}},"ast-content-background-meta":{"desktop":{"background-color":"var(--ast-global-color-5)","background-image":"","background-repeat":"repeat","background-position":"center center","background-size":"auto","background-attachment":"scroll","background-type":"","background-media":"","overlay-type":"","overlay-color":"","overlay-opacity":"","overlay-gradient":""},"tablet":{"background-color":"var(--ast-global-color-5)","background-image":"","background-repeat":"repeat","background-position":"center center","background-size":"auto","background-attachment":"scroll","background-type":"","background-media":"","overlay-type":"","overlay-color":"","overlay-opacity":"","overlay-gradient":""},"mobile":{"background-color":"var(--ast-global-color-5)","background-image":"","background-repeat":"repeat","background-position":"center center","background-size":"auto","background-attachment":"scroll","background-type":"","background-media":"","overlay-type":"","overlay-color":"","overlay-opacity":"","overlay-gradient":""}},"footnotes":""},"class_list":["post-1295","page","type-page","status-publish","has-post-thumbnail","hentry"],"yoast_head":"<!-- This site is optimized with the Yoast SEO plugin v26.8 - https:\/\/yoast.com\/product\/yoast-seo-wordpress\/ -->\n<title>Webinars - QServus<\/title>\n<meta name=\"description\" content=\"Nuestros webinars te gu\u00edan hacia el \u00e9xito, brind\u00e1ndote las herramientas para llevar tu negocio a otro nivel.\" \/>\n<meta name=\"robots\" content=\"index, follow, max-snippet:-1, max-image-preview:large, max-video-preview:-1\" \/>\n<link rel=\"canonical\" href=\"https:\/\/www.qservus.com\/es\/webinars\/\" \/>\n<meta property=\"og:locale\" content=\"es_ES\" \/>\n<meta property=\"og:type\" content=\"article\" \/>\n<meta property=\"og:title\" content=\"Webinars - QServus\" \/>\n<meta property=\"og:description\" content=\"Nuestros webinars te gu\u00edan hacia el \u00e9xito, brind\u00e1ndote las herramientas para llevar tu negocio a otro nivel.\" \/>\n<meta property=\"og:url\" content=\"https:\/\/www.qservus.com\/es\/webinars\/\" \/>\n<meta property=\"og:site_name\" content=\"QServus\" \/>\n<meta property=\"article:publisher\" content=\"https:\/\/www.facebook.com\/QServus\/\" \/>\n<meta property=\"article:modified_time\" content=\"2023-11-10T20:39:33+00:00\" \/>\n<meta property=\"og:image\" content=\"https:\/\/www.qservus.com\/wp-content\/uploads\/2023\/06\/1-2.png\" \/>\n\t<meta property=\"og:image:width\" content=\"1080\" \/>\n\t<meta property=\"og:image:height\" content=\"1080\" \/>\n\t<meta property=\"og:image:type\" content=\"image\/png\" \/>\n<meta name=\"twitter:card\" content=\"summary_large_image\" \/>\n<meta name=\"twitter:site\" content=\"@redcalidad\" \/>\n<meta name=\"twitter:label1\" content=\"Tiempo estimado de lectura\" \/>\n\t<meta name=\"twitter:data1\" content=\"2 minutos\" \/>\n<script type=\"application\/ld+json\" class=\"yoast-schema-graph\">{\"@context\":\"https:\/\/schema.org\",\"@graph\":[{\"@type\":\"WebPage\",\"@id\":\"https:\/\/www.qservus.com\/es\/webinars\/\",\"url\":\"https:\/\/www.qservus.com\/es\/webinars\/\",\"name\":\"Webinars - QServus\",\"isPartOf\":{\"@id\":\"https:\/\/www.qservus.com\/es\/#website\"},\"primaryImageOfPage\":{\"@id\":\"https:\/\/www.qservus.com\/es\/webinars\/#primaryimage\"},\"image\":{\"@id\":\"https:\/\/www.qservus.com\/es\/webinars\/#primaryimage\"},\"thumbnailUrl\":\"https:\/\/www.qservus.com\/wp-content\/uploads\/2023\/06\/1-2.png\",\"datePublished\":\"2023-06-21T22:21:23+00:00\",\"dateModified\":\"2023-11-10T20:39:33+00:00\",\"description\":\"Nuestros webinars te gu\u00edan hacia el \u00e9xito, brind\u00e1ndote las herramientas para llevar tu negocio a otro nivel.\",\"breadcrumb\":{\"@id\":\"https:\/\/www.qservus.com\/es\/webinars\/#breadcrumb\"},\"inLanguage\":\"es-CL\",\"potentialAction\":[{\"@type\":\"ReadAction\",\"target\":[\"https:\/\/www.qservus.com\/es\/webinars\/\"]}]},{\"@type\":\"ImageObject\",\"inLanguage\":\"es-CL\",\"@id\":\"https:\/\/www.qservus.com\/es\/webinars\/#primaryimage\",\"url\":\"https:\/\/www.qservus.com\/wp-content\/uploads\/2023\/06\/1-2.png\",\"contentUrl\":\"https:\/\/www.qservus.com\/wp-content\/uploads\/2023\/06\/1-2.png\",\"width\":1080,\"height\":1080},{\"@type\":\"BreadcrumbList\",\"@id\":\"https:\/\/www.qservus.com\/es\/webinars\/#breadcrumb\",\"itemListElement\":[{\"@type\":\"ListItem\",\"position\":1,\"name\":\"Portada\",\"item\":\"https:\/\/www.qservus.com\/es\/\"},{\"@type\":\"ListItem\",\"position\":2,\"name\":\"Webinars\"}]},{\"@type\":\"WebSite\",\"@id\":\"https:\/\/www.qservus.com\/es\/#website\",\"url\":\"https:\/\/www.qservus.com\/es\/\",\"name\":\"QServus\",\"description\":\"Gesti\u00f3n de la excelencia en tiempo real\",\"publisher\":{\"@id\":\"https:\/\/www.qservus.com\/es\/#organization\"},\"potentialAction\":[{\"@type\":\"SearchAction\",\"target\":{\"@type\":\"EntryPoint\",\"urlTemplate\":\"https:\/\/www.qservus.com\/es\/?s={search_term_string}\"},\"query-input\":{\"@type\":\"PropertyValueSpecification\",\"valueRequired\":true,\"valueName\":\"search_term_string\"}}],\"inLanguage\":\"es-CL\"},{\"@type\":\"Organization\",\"@id\":\"https:\/\/www.qservus.com\/es\/#organization\",\"name\":\"QServus\",\"url\":\"https:\/\/www.qservus.com\/es\/\",\"logo\":{\"@type\":\"ImageObject\",\"inLanguage\":\"es-CL\",\"@id\":\"https:\/\/www.qservus.com\/es\/#\/schema\/logo\/image\/\",\"url\":\"https:\/\/qservuswebsite.wpengine.com\/wp-content\/uploads\/2023\/05\/logoRecurso-2.png\",\"contentUrl\":\"https:\/\/qservuswebsite.wpengine.com\/wp-content\/uploads\/2023\/05\/logoRecurso-2.png\",\"width\":2411,\"height\":812,\"caption\":\"QServus\"},\"image\":{\"@id\":\"https:\/\/www.qservus.com\/es\/#\/schema\/logo\/image\/\"},\"sameAs\":[\"https:\/\/www.facebook.com\/QServus\/\",\"https:\/\/x.com\/redcalidad\"]}]}<\/script>\n<!-- \/ Yoast SEO plugin. -->","yoast_head_json":{"title":"Webinars - QServus","description":"Nuestros webinars te gu\u00edan hacia el \u00e9xito, brind\u00e1ndote las herramientas para llevar tu negocio a otro nivel.","robots":{"index":"index","follow":"follow","max-snippet":"max-snippet:-1","max-image-preview":"max-image-preview:large","max-video-preview":"max-video-preview:-1"},"canonical":"https:\/\/www.qservus.com\/es\/webinars\/","og_locale":"es_ES","og_type":"article","og_title":"Webinars - QServus","og_description":"Nuestros webinars te gu\u00edan hacia el \u00e9xito, brind\u00e1ndote las herramientas para llevar tu negocio a otro nivel.","og_url":"https:\/\/www.qservus.com\/es\/webinars\/","og_site_name":"QServus","article_publisher":"https:\/\/www.facebook.com\/QServus\/","article_modified_time":"2023-11-10T20:39:33+00:00","og_image":[{"width":1080,"height":1080,"url":"https:\/\/www.qservus.com\/wp-content\/uploads\/2023\/06\/1-2.png","type":"image\/png"}],"twitter_card":"summary_large_image","twitter_site":"@redcalidad","twitter_misc":{"Tiempo estimado de lectura":"2 minutos"},"schema":{"@context":"https:\/\/schema.org","@graph":[{"@type":"WebPage","@id":"https:\/\/www.qservus.com\/es\/webinars\/","url":"https:\/\/www.qservus.com\/es\/webinars\/","name":"Webinars - QServus","isPartOf":{"@id":"https:\/\/www.qservus.com\/es\/#website"},"primaryImageOfPage":{"@id":"https:\/\/www.qservus.com\/es\/webinars\/#primaryimage"},"image":{"@id":"https:\/\/www.qservus.com\/es\/webinars\/#primaryimage"},"thumbnailUrl":"https:\/\/www.qservus.com\/wp-content\/uploads\/2023\/06\/1-2.png","datePublished":"2023-06-21T22:21:23+00:00","dateModified":"2023-11-10T20:39:33+00:00","description":"Nuestros webinars te gu\u00edan hacia el \u00e9xito, brind\u00e1ndote las herramientas para llevar tu negocio a otro nivel.","breadcrumb":{"@id":"https:\/\/www.qservus.com\/es\/webinars\/#breadcrumb"},"inLanguage":"es-CL","potentialAction":[{"@type":"ReadAction","target":["https:\/\/www.qservus.com\/es\/webinars\/"]}]},{"@type":"ImageObject","inLanguage":"es-CL","@id":"https:\/\/www.qservus.com\/es\/webinars\/#primaryimage","url":"https:\/\/www.qservus.com\/wp-content\/uploads\/2023\/06\/1-2.png","contentUrl":"https:\/\/www.qservus.com\/wp-content\/uploads\/2023\/06\/1-2.png","width":1080,"height":1080},{"@type":"BreadcrumbList","@id":"https:\/\/www.qservus.com\/es\/webinars\/#breadcrumb","itemListElement":[{"@type":"ListItem","position":1,"name":"Portada","item":"https:\/\/www.qservus.com\/es\/"},{"@type":"ListItem","position":2,"name":"Webinars"}]},{"@type":"WebSite","@id":"https:\/\/www.qservus.com\/es\/#website","url":"https:\/\/www.qservus.com\/es\/","name":"QServus","description":"Gesti\u00f3n de la excelencia en tiempo real","publisher":{"@id":"https:\/\/www.qservus.com\/es\/#organization"},"potentialAction":[{"@type":"SearchAction","target":{"@type":"EntryPoint","urlTemplate":"https:\/\/www.qservus.com\/es\/?s={search_term_string}"},"query-input":{"@type":"PropertyValueSpecification","valueRequired":true,"valueName":"search_term_string"}}],"inLanguage":"es-CL"},{"@type":"Organization","@id":"https:\/\/www.qservus.com\/es\/#organization","name":"QServus","url":"https:\/\/www.qservus.com\/es\/","logo":{"@type":"ImageObject","inLanguage":"es-CL","@id":"https:\/\/www.qservus.com\/es\/#\/schema\/logo\/image\/","url":"https:\/\/qservuswebsite.wpengine.com\/wp-content\/uploads\/2023\/05\/logoRecurso-2.png","contentUrl":"https:\/\/qservuswebsite.wpengine.com\/wp-content\/uploads\/2023\/05\/logoRecurso-2.png","width":2411,"height":812,"caption":"QServus"},"image":{"@id":"https:\/\/www.qservus.com\/es\/#\/schema\/logo\/image\/"},"sameAs":["https:\/\/www.facebook.com\/QServus\/","https:\/\/x.com\/redcalidad"]}]}},"featured_image_src":"https:\/\/www.qservus.com\/wp-content\/uploads\/2023\/06\/1-2-600x400.png","featured_image_src_square":"https:\/\/www.qservus.com\/wp-content\/uploads\/2023\/06\/1-2-600x600.png","_links":{"self":[{"href":"https:\/\/www.qservus.com\/es\/wp-json\/wp\/v2\/pages\/1295","targetHints":{"allow":["GET"]}}],"collection":[{"href":"https:\/\/www.qservus.com\/es\/wp-json\/wp\/v2\/pages"}],"about":[{"href":"https:\/\/www.qservus.com\/es\/wp-json\/wp\/v2\/types\/page"}],"author":[{"embeddable":true,"href":"https:\/\/www.qservus.com\/es\/wp-json\/wp\/v2\/users\/2"}],"replies":[{"embeddable":true,"href":"https:\/\/www.qservus.com\/es\/wp-json\/wp\/v2\/comments?post=1295"}],"version-history":[{"count":0,"href":"https:\/\/www.qservus.com\/es\/wp-json\/wp\/v2\/pages\/1295\/revisions"}],"wp:featuredmedia":[{"embeddable":true,"href":"https:\/\/www.qservus.com\/es\/wp-json\/wp\/v2\/media\/1337"}],"wp:attachment":[{"href":"https:\/\/www.qservus.com\/es\/wp-json\/wp\/v2\/media?parent=1295"}],"curies":[{"name":"wp","href":"https:\/\/api.w.org\/{rel}","templated":true}]}}