{"id":1240,"date":"2023-06-21T14:41:09","date_gmt":"2023-06-21T14:41:09","guid":{"rendered":"https:\/\/qservuswebsite.wpengine.com\/?page_id=1240"},"modified":"2023-07-21T19:24:55","modified_gmt":"2023-07-21T19:24:55","slug":"ebook-la-guia-definitiva-de-encuestas-nps","status":"publish","type":"page","link":"https:\/\/www.qservus.com\/es\/ebook-la-guia-definitiva-de-encuestas-nps\/","title":{"rendered":"Ebook &#8211; La gu\u00eda definitiva de encuestas NPS"},"content":{"rendered":"\t\t<div data-elementor-type=\"wp-page\" data-elementor-id=\"1240\" class=\"elementor elementor-1240\" data-elementor-settings=\"{&quot;ha_cmc_init_switcher&quot;:&quot;no&quot;}\">\n\t\t\t\t\t\t<section class=\"elementor-section elementor-top-section elementor-element elementor-element-567878f elementor-section-full_width elementor-section-height-default elementor-section-height-default wpr-particle-no wpr-jarallax-no wpr-parallax-no wpr-sticky-section-no\" data-id=\"567878f\" data-element_type=\"section\" data-e-type=\"section\" data-settings=\"{&quot;background_background&quot;:&quot;classic&quot;,&quot;_ha_eqh_enable&quot;:false}\">\n\t\t\t\t\t\t<div class=\"elementor-container elementor-column-gap-default\">\n\t\t\t\t\t<div class=\"elementor-column elementor-col-50 elementor-top-column elementor-element elementor-element-cb9bef7\" data-id=\"cb9bef7\" data-element_type=\"column\" data-e-type=\"column\">\n\t\t\t<div class=\"elementor-widget-wrap elementor-element-populated\">\n\t\t\t\t\t\t<div class=\"elementor-element elementor-element-170ae7b elementor-widget elementor-widget-text-editor\" data-id=\"170ae7b\" data-element_type=\"widget\" data-e-type=\"widget\" data-widget_type=\"text-editor.default\">\n\t\t\t\t<div class=\"elementor-widget-container\">\n\t\t\t\t\t\t\t\t\t<p>EBOOK<\/p>\t\t\t\t\t\t\t\t<\/div>\n\t\t\t\t<\/div>\n\t\t\t\t<div class=\"elementor-element elementor-element-0b0595a elementor-widget elementor-widget-heading\" data-id=\"0b0595a\" data-element_type=\"widget\" data-e-type=\"widget\" data-widget_type=\"heading.default\">\n\t\t\t\t<div class=\"elementor-widget-container\">\n\t\t\t\t\t<h2 class=\"elementor-heading-title elementor-size-default\">La gu\u00eda definitiva de encuestas NPS<\/h2>\t\t\t\t<\/div>\n\t\t\t\t<\/div>\n\t\t\t\t<div class=\"elementor-element elementor-element-faad123 elementor-widget elementor-widget-image\" data-id=\"faad123\" data-element_type=\"widget\" data-e-type=\"widget\" data-widget_type=\"image.default\">\n\t\t\t\t<div class=\"elementor-widget-container\">\n\t\t\t\t\t\t\t\t\t\t\t\t\t\t\t<img decoding=\"async\" src=\"https:\/\/qservuswebsite.wpengine.com\/wp-content\/uploads\/2023\/06\/ebookss-2.png\" title=\"\" alt=\"\" loading=\"lazy\" \/>\t\t\t\t\t\t\t\t\t\t\t\t\t\t\t<\/div>\n\t\t\t\t<\/div>\n\t\t\t\t<div class=\"elementor-element elementor-element-750e405 elementor-widget elementor-widget-text-editor\" data-id=\"750e405\" data-element_type=\"widget\" data-e-type=\"widget\" data-widget_type=\"text-editor.default\">\n\t\t\t\t<div class=\"elementor-widget-container\">\n\t\t\t\t\t\t\t\t\t<p>\u00a1Descarga ahora mismo nuestro ebook exclusivo sobre encuestas NPS y mejora la satisfacci\u00f3n de tus clientes! En este ebook, descubrir\u00e1s:<\/p><ul><li>Qu\u00e9 hace a las encuestas NPS tan valiosas<\/li><li>La clave para elaborar la encuesta NPS perfecta<\/li><li>D\u00f3nde debe incluirse la pregunta NPS en una encuesta<\/li><li>Uso estrat\u00e9gico de colores en encuestas NPS<\/li><li>El error m\u00e1s com\u00fan en escala NPS<\/li><\/ul><div>Deja tus datos a continuaci\u00f3n y obt\u00e9n tu copia gratuita. \u00a1No te pierdas esta oportunidad de aprender y crecer!<\/div>\t\t\t\t\t\t\t\t<\/div>\n\t\t\t\t<\/div>\n\t\t\t\t\t<\/div>\n\t\t<\/div>\n\t\t\t\t<div class=\"elementor-column elementor-col-50 elementor-top-column elementor-element elementor-element-099b1fd\" data-id=\"099b1fd\" data-element_type=\"column\" data-e-type=\"column\" data-settings=\"{&quot;background_background&quot;:&quot;classic&quot;}\">\n\t\t\t<div class=\"elementor-widget-wrap elementor-element-populated\">\n\t\t\t\t\t\t<div class=\"elementor-element elementor-element-7e1b9e2 elementor-widget-tablet__width-initial elementor-widget elementor-widget-text-editor\" data-id=\"7e1b9e2\" data-element_type=\"widget\" data-e-type=\"widget\" data-widget_type=\"text-editor.default\">\n\t\t\t\t<div class=\"elementor-widget-container\">\n\t\t\t\t\t\t\t\t\t<p>Descargar ahora<\/p>\t\t\t\t\t\t\t\t<\/div>\n\t\t\t\t<\/div>\n\t\t\t\t<div class=\"elementor-element elementor-element-1262ded ekit_wpForms_container-form-button-custom elementor-widget elementor-widget-elementskit-wp-forms\" data-id=\"1262ded\" data-element_type=\"widget\" data-e-type=\"widget\" data-widget_type=\"elementskit-wp-forms.default\">\n\t\t\t\t<div class=\"elementor-widget-container\">\n\t\t\t\t\t<div class=\"ekit-wid-con ekit_wpForms_container\"><style id=\"wpforms-css-vars-1304\">\n\t\t\t\t#wpforms-1304 {\n\t\t\t\t\n\t\t\t}\n\t\t\t<\/style><div class=\"wpforms-container wpforms-container-full wpforms-render-modern\" id=\"wpforms-1304\"><form id=\"wpforms-form-1304\" class=\"wpforms-validate wpforms-form wpforms-ajax-form\" data-formid=\"1304\" method=\"post\" enctype=\"multipart\/form-data\" action=\"\/es\/ebook-la-guia-definitiva-de-encuestas-nps\/\" data-token=\"5c3e91a847d88b8ef9262396d95f0946\" data-token-time=\"1777336718\"><noscript class=\"wpforms-error-noscript\">Please enable JavaScript in your browser to complete this form.<\/noscript><div id=\"wpforms-error-noscript\" style=\"display: none;\">Please enable JavaScript in your browser to complete this form.<\/div><div class=\"wpforms-field-container\"><div id=\"wpforms-1304-field_0-container\" class=\"wpforms-field wpforms-field-name\" data-field-id=\"0\"><label class=\"wpforms-field-label\" for=\"wpforms-1304-field_0\">Nombre <span class=\"wpforms-required-label\" aria-hidden=\"true\">*<\/span><\/label><input type=\"text\" id=\"wpforms-1304-field_0\" class=\"wpforms-field-medium wpforms-field-required\" name=\"wpforms[fields][0]\" aria-errormessage=\"wpforms-1304-field_0-error\" required><\/div><div id=\"wpforms-1304-field_3-container\" class=\"wpforms-field wpforms-field-name\" data-field-id=\"3\"><label class=\"wpforms-field-label\" for=\"wpforms-1304-field_3\">Empresa <span class=\"wpforms-required-label\" aria-hidden=\"true\">*<\/span><\/label><input type=\"text\" id=\"wpforms-1304-field_3\" class=\"wpforms-field-medium wpforms-field-required\" name=\"wpforms[fields][3]\" aria-errormessage=\"wpforms-1304-field_3-error\" required><\/div><div id=\"wpforms-1304-field_4-container\" class=\"wpforms-field wpforms-field-name\" data-field-id=\"4\"><label class=\"wpforms-field-label\" for=\"wpforms-1304-field_4\">Cargo <span class=\"wpforms-required-label\" aria-hidden=\"true\">*<\/span><\/label><input type=\"text\" id=\"wpforms-1304-field_4\" class=\"wpforms-field-medium wpforms-field-required\" name=\"wpforms[fields][4]\" aria-errormessage=\"wpforms-1304-field_4-error\" required><\/div><div id=\"wpforms-1304-field_1-container\" class=\"wpforms-field wpforms-field-email\" data-field-id=\"1\"><label class=\"wpforms-field-label\" for=\"wpforms-1304-field_1\">Email corporativo <span class=\"wpforms-required-label\" aria-hidden=\"true\">*<\/span><\/label><input type=\"email\" id=\"wpforms-1304-field_1\" class=\"wpforms-field-medium wpforms-field-required\" name=\"wpforms[fields][1]\" spellcheck=\"false\" aria-errormessage=\"wpforms-1304-field_1-error\" required><\/div><div id=\"wpforms-1304-field_9-container\" class=\"wpforms-field wpforms-field-number\" data-field-id=\"9\"><label class=\"wpforms-field-label\" for=\"wpforms-1304-field_9\">Tel\u00e9fono <span class=\"wpforms-required-label\" aria-hidden=\"true\">*<\/span><\/label><input type=\"number\" id=\"wpforms-1304-field_9\" class=\"wpforms-field-medium wpforms-field-required\" name=\"wpforms[fields][9]\" step=\"any\" aria-errormessage=\"wpforms-1304-field_9-error\" required><\/div><div id=\"wpforms-1304-field_7-container\" class=\"wpforms-field wpforms-field-checkbox\" data-field-id=\"7\"><fieldset><legend class=\"wpforms-field-label wpforms-label-hide\" aria-hidden=\"false\">Checkboxes <span class=\"wpforms-required-label\" aria-hidden=\"true\">*<\/span><\/legend><ul id=\"wpforms-1304-field_7\" class=\"wpforms-field-required\"><li class=\"choice-3 depth-1\"><input type=\"checkbox\" id=\"wpforms-1304-field_7_3\" name=\"wpforms[fields][7][]\" value=\"He le\u00eddo y acepto la pol\u00edtica de privacidad.\" aria-errormessage=\"wpforms-1304-field_7_3-error\" required ><label class=\"wpforms-field-label-inline\" for=\"wpforms-1304-field_7_3\">He le\u00eddo y acepto la pol\u00edtica de privacidad.<\/label><\/li><\/ul><\/fieldset><\/div><\/div><!-- .wpforms-field-container --><div class=\"wpforms-submit-container\" ><input type=\"hidden\" name=\"wpforms[id]\" value=\"1304\"><input type=\"hidden\" name=\"page_title\" value=\"Ebook &#8211; La gu\u00eda definitiva de encuestas NPS\"><input type=\"hidden\" name=\"page_url\" value=\"https:\/\/www.qservus.com\/es\/ebook-la-guia-definitiva-de-encuestas-nps\/\"><input type=\"hidden\" name=\"url_referer\" value=\"\"><input type=\"hidden\" name=\"page_id\" value=\"1240\"><input type=\"hidden\" name=\"wpforms[post_id]\" value=\"1240\"><button type=\"submit\" name=\"wpforms[submit]\" id=\"wpforms-submit-1304\" class=\"wpforms-submit\" data-alt-text=\"Enviando...\" data-submit-text=\"Enviar\" aria-live=\"assertive\" value=\"wpforms-submit\">Enviar<\/button><img decoding=\"async\" src=\"https:\/\/www.qservus.com\/wp-content\/plugins\/wpforms-lite\/assets\/images\/submit-spin.svg\" class=\"wpforms-submit-spinner\" style=\"display: none;\" width=\"26\" height=\"26\" alt=\"Loading\"><\/div><\/form><\/div>  <!-- .wpforms-container --><\/div>\t\t\t\t<\/div>\n\t\t\t\t<\/div>\n\t\t\t\t\t<\/div>\n\t\t<\/div>\n\t\t\t\t\t<\/div>\n\t\t<\/section>\n\t\t\t\t<\/div>\n\t\t","protected":false},"excerpt":{"rendered":"<p>EBOOK La gu\u00eda definitiva de encuestas NPS \u00a1Descarga ahora mismo nuestro ebook exclusivo sobre encuestas NPS y mejora la satisfacci\u00f3n de tus clientes! En este ebook, descubrir\u00e1s: Qu\u00e9 hace a las encuestas NPS tan valiosas La clave para elaborar la encuesta NPS perfecta D\u00f3nde debe incluirse la pregunta NPS en una encuesta Uso estrat\u00e9gico de colores en encuestas NPS El error m\u00e1s com\u00fan en escala NPS Deja tus datos a continuaci\u00f3n y obt\u00e9n tu copia gratuita. \u00a1No te pierdas esta oportunidad de aprender y crecer! Descargar ahora Please enable JavaScript in your browser to complete this form.Please enable JavaScript in your browser to complete this form.Nombre *Empresa *Cargo *Email corporativo *Tel\u00e9fono * Checkboxes * He le\u00eddo y acepto la pol\u00edtica de privacidad. Enviar<\/p>\n","protected":false},"author":2,"featured_media":1645,"parent":0,"menu_order":0,"comment_status":"closed","ping_status":"closed","template":"","meta":{"content-type":"","_monsterinsights_skip_tracking":false,"_monsterinsights_sitenote_active":false,"_monsterinsights_sitenote_note":"","_monsterinsights_sitenote_category":0,"site-sidebar-layout":"no-sidebar","site-content-layout":"page-builder","ast-site-content-layout":"default","site-content-style":"default","site-sidebar-style":"default","ast-global-header-display":"","ast-banner-title-visibility":"","ast-main-header-display":"","ast-hfb-above-header-display":"","ast-hfb-below-header-display":"","ast-hfb-mobile-header-display":"","site-post-title":"disabled","ast-breadcrumbs-content":"","ast-featured-img":"disabled","footer-sml-layout":"","ast-disable-related-posts":"","theme-transparent-header-meta":"","adv-header-id-meta":"","stick-header-meta":"","header-above-stick-meta":"","header-main-stick-meta":"","header-below-stick-meta":"","astra-migrate-meta-layouts":"default","ast-page-background-enabled":"default","ast-page-background-meta":{"desktop":{"background-color":"var(--ast-global-color-4)","background-image":"","background-repeat":"repeat","background-position":"center center","background-size":"auto","background-attachment":"scroll","background-type":"","background-media":"","overlay-type":"","overlay-color":"","overlay-opacity":"","overlay-gradient":""},"tablet":{"background-color":"","background-image":"","background-repeat":"repeat","background-position":"center center","background-size":"auto","background-attachment":"scroll","background-type":"","background-media":"","overlay-type":"","overlay-color":"","overlay-opacity":"","overlay-gradient":""},"mobile":{"background-color":"","background-image":"","background-repeat":"repeat","background-position":"center center","background-size":"auto","background-attachment":"scroll","background-type":"","background-media":"","overlay-type":"","overlay-color":"","overlay-opacity":"","overlay-gradient":""}},"ast-content-background-meta":{"desktop":{"background-color":"var(--ast-global-color-5)","background-image":"","background-repeat":"repeat","background-position":"center center","background-size":"auto","background-attachment":"scroll","background-type":"","background-media":"","overlay-type":"","overlay-color":"","overlay-opacity":"","overlay-gradient":""},"tablet":{"background-color":"var(--ast-global-color-5)","background-image":"","background-repeat":"repeat","background-position":"center center","background-size":"auto","background-attachment":"scroll","background-type":"","background-media":"","overlay-type":"","overlay-color":"","overlay-opacity":"","overlay-gradient":""},"mobile":{"background-color":"var(--ast-global-color-5)","background-image":"","background-repeat":"repeat","background-position":"center center","background-size":"auto","background-attachment":"scroll","background-type":"","background-media":"","overlay-type":"","overlay-color":"","overlay-opacity":"","overlay-gradient":""}},"footnotes":""},"class_list":["post-1240","page","type-page","status-publish","has-post-thumbnail","hentry"],"yoast_head":"<!-- This site is optimized with the Yoast SEO plugin v26.8 - https:\/\/yoast.com\/product\/yoast-seo-wordpress\/ -->\n<title>Ebook - La gu\u00eda definitiva de encuestas NPS<\/title>\n<meta name=\"description\" content=\"\u00a1Descarga ahora mismo nuestro ebook exclusivo sobre encuestas NPS y mejora la satisfacci\u00f3n de tus clientes!\" \/>\n<meta name=\"robots\" content=\"index, follow, max-snippet:-1, max-image-preview:large, max-video-preview:-1\" \/>\n<link rel=\"canonical\" href=\"https:\/\/www.qservus.com\/es\/ebook-la-guia-definitiva-de-encuestas-nps\/\" \/>\n<meta property=\"og:locale\" content=\"es_ES\" \/>\n<meta property=\"og:type\" content=\"article\" \/>\n<meta property=\"og:title\" content=\"Ebook - La gu\u00eda definitiva de encuestas NPS\" \/>\n<meta property=\"og:description\" content=\"\u00a1Descarga ahora mismo nuestro ebook exclusivo sobre encuestas NPS y mejora la satisfacci\u00f3n de tus clientes!\" \/>\n<meta property=\"og:url\" content=\"https:\/\/www.qservus.com\/es\/ebook-la-guia-definitiva-de-encuestas-nps\/\" \/>\n<meta property=\"og:site_name\" content=\"QServus\" \/>\n<meta property=\"article:publisher\" content=\"https:\/\/www.facebook.com\/QServus\/\" \/>\n<meta property=\"article:modified_time\" content=\"2023-07-21T19:24:55+00:00\" \/>\n<meta property=\"og:image\" content=\"https:\/\/www.qservus.com\/wp-content\/uploads\/2023\/07\/focused-couple-with-tablet-analyzing-family-budget.webp\" \/>\n\t<meta property=\"og:image:width\" content=\"1000\" \/>\n\t<meta property=\"og:image:height\" content=\"667\" \/>\n\t<meta property=\"og:image:type\" content=\"image\/webp\" \/>\n<meta name=\"twitter:card\" content=\"summary_large_image\" \/>\n<meta name=\"twitter:site\" content=\"@redcalidad\" \/>\n<meta name=\"twitter:label1\" content=\"Tiempo estimado de lectura\" \/>\n\t<meta name=\"twitter:data1\" content=\"1 minuto\" \/>\n<script type=\"application\/ld+json\" class=\"yoast-schema-graph\">{\"@context\":\"https:\/\/schema.org\",\"@graph\":[{\"@type\":\"WebPage\",\"@id\":\"https:\/\/www.qservus.com\/es\/ebook-la-guia-definitiva-de-encuestas-nps\/\",\"url\":\"https:\/\/www.qservus.com\/es\/ebook-la-guia-definitiva-de-encuestas-nps\/\",\"name\":\"Ebook - La gu\u00eda definitiva de encuestas NPS\",\"isPartOf\":{\"@id\":\"https:\/\/www.qservus.com\/es\/#website\"},\"primaryImageOfPage\":{\"@id\":\"https:\/\/www.qservus.com\/es\/ebook-la-guia-definitiva-de-encuestas-nps\/#primaryimage\"},\"image\":{\"@id\":\"https:\/\/www.qservus.com\/es\/ebook-la-guia-definitiva-de-encuestas-nps\/#primaryimage\"},\"thumbnailUrl\":\"https:\/\/www.qservus.com\/wp-content\/uploads\/2023\/07\/focused-couple-with-tablet-analyzing-family-budget.webp\",\"datePublished\":\"2023-06-21T14:41:09+00:00\",\"dateModified\":\"2023-07-21T19:24:55+00:00\",\"description\":\"\u00a1Descarga ahora mismo nuestro ebook exclusivo sobre encuestas NPS y mejora la satisfacci\u00f3n de tus clientes!\",\"breadcrumb\":{\"@id\":\"https:\/\/www.qservus.com\/es\/ebook-la-guia-definitiva-de-encuestas-nps\/#breadcrumb\"},\"inLanguage\":\"es-CL\",\"potentialAction\":[{\"@type\":\"ReadAction\",\"target\":[\"https:\/\/www.qservus.com\/es\/ebook-la-guia-definitiva-de-encuestas-nps\/\"]}]},{\"@type\":\"ImageObject\",\"inLanguage\":\"es-CL\",\"@id\":\"https:\/\/www.qservus.com\/es\/ebook-la-guia-definitiva-de-encuestas-nps\/#primaryimage\",\"url\":\"https:\/\/www.qservus.com\/wp-content\/uploads\/2023\/07\/focused-couple-with-tablet-analyzing-family-budget.webp\",\"contentUrl\":\"https:\/\/www.qservus.com\/wp-content\/uploads\/2023\/07\/focused-couple-with-tablet-analyzing-family-budget.webp\",\"width\":1000,\"height\":667},{\"@type\":\"BreadcrumbList\",\"@id\":\"https:\/\/www.qservus.com\/es\/ebook-la-guia-definitiva-de-encuestas-nps\/#breadcrumb\",\"itemListElement\":[{\"@type\":\"ListItem\",\"position\":1,\"name\":\"Portada\",\"item\":\"https:\/\/www.qservus.com\/es\/\"},{\"@type\":\"ListItem\",\"position\":2,\"name\":\"Ebook &#8211; La gu\u00eda definitiva de encuestas NPS\"}]},{\"@type\":\"WebSite\",\"@id\":\"https:\/\/www.qservus.com\/es\/#website\",\"url\":\"https:\/\/www.qservus.com\/es\/\",\"name\":\"QServus\",\"description\":\"Gesti\u00f3n de la excelencia en tiempo real\",\"publisher\":{\"@id\":\"https:\/\/www.qservus.com\/es\/#organization\"},\"potentialAction\":[{\"@type\":\"SearchAction\",\"target\":{\"@type\":\"EntryPoint\",\"urlTemplate\":\"https:\/\/www.qservus.com\/es\/?s={search_term_string}\"},\"query-input\":{\"@type\":\"PropertyValueSpecification\",\"valueRequired\":true,\"valueName\":\"search_term_string\"}}],\"inLanguage\":\"es-CL\"},{\"@type\":\"Organization\",\"@id\":\"https:\/\/www.qservus.com\/es\/#organization\",\"name\":\"QServus\",\"url\":\"https:\/\/www.qservus.com\/es\/\",\"logo\":{\"@type\":\"ImageObject\",\"inLanguage\":\"es-CL\",\"@id\":\"https:\/\/www.qservus.com\/es\/#\/schema\/logo\/image\/\",\"url\":\"https:\/\/qservuswebsite.wpengine.com\/wp-content\/uploads\/2023\/05\/logoRecurso-2.png\",\"contentUrl\":\"https:\/\/qservuswebsite.wpengine.com\/wp-content\/uploads\/2023\/05\/logoRecurso-2.png\",\"width\":2411,\"height\":812,\"caption\":\"QServus\"},\"image\":{\"@id\":\"https:\/\/www.qservus.com\/es\/#\/schema\/logo\/image\/\"},\"sameAs\":[\"https:\/\/www.facebook.com\/QServus\/\",\"https:\/\/x.com\/redcalidad\"]}]}<\/script>\n<!-- \/ Yoast SEO plugin. -->","yoast_head_json":{"title":"Ebook - La gu\u00eda definitiva de encuestas NPS","description":"\u00a1Descarga ahora mismo nuestro ebook exclusivo sobre encuestas NPS y mejora la satisfacci\u00f3n de tus clientes!","robots":{"index":"index","follow":"follow","max-snippet":"max-snippet:-1","max-image-preview":"max-image-preview:large","max-video-preview":"max-video-preview:-1"},"canonical":"https:\/\/www.qservus.com\/es\/ebook-la-guia-definitiva-de-encuestas-nps\/","og_locale":"es_ES","og_type":"article","og_title":"Ebook - La gu\u00eda definitiva de encuestas NPS","og_description":"\u00a1Descarga ahora mismo nuestro ebook exclusivo sobre encuestas NPS y mejora la satisfacci\u00f3n de tus clientes!","og_url":"https:\/\/www.qservus.com\/es\/ebook-la-guia-definitiva-de-encuestas-nps\/","og_site_name":"QServus","article_publisher":"https:\/\/www.facebook.com\/QServus\/","article_modified_time":"2023-07-21T19:24:55+00:00","og_image":[{"width":1000,"height":667,"url":"https:\/\/www.qservus.com\/wp-content\/uploads\/2023\/07\/focused-couple-with-tablet-analyzing-family-budget.webp","type":"image\/webp"}],"twitter_card":"summary_large_image","twitter_site":"@redcalidad","twitter_misc":{"Tiempo estimado de lectura":"1 minuto"},"schema":{"@context":"https:\/\/schema.org","@graph":[{"@type":"WebPage","@id":"https:\/\/www.qservus.com\/es\/ebook-la-guia-definitiva-de-encuestas-nps\/","url":"https:\/\/www.qservus.com\/es\/ebook-la-guia-definitiva-de-encuestas-nps\/","name":"Ebook - La gu\u00eda definitiva de encuestas NPS","isPartOf":{"@id":"https:\/\/www.qservus.com\/es\/#website"},"primaryImageOfPage":{"@id":"https:\/\/www.qservus.com\/es\/ebook-la-guia-definitiva-de-encuestas-nps\/#primaryimage"},"image":{"@id":"https:\/\/www.qservus.com\/es\/ebook-la-guia-definitiva-de-encuestas-nps\/#primaryimage"},"thumbnailUrl":"https:\/\/www.qservus.com\/wp-content\/uploads\/2023\/07\/focused-couple-with-tablet-analyzing-family-budget.webp","datePublished":"2023-06-21T14:41:09+00:00","dateModified":"2023-07-21T19:24:55+00:00","description":"\u00a1Descarga ahora mismo nuestro ebook exclusivo sobre encuestas NPS y mejora la satisfacci\u00f3n de tus clientes!","breadcrumb":{"@id":"https:\/\/www.qservus.com\/es\/ebook-la-guia-definitiva-de-encuestas-nps\/#breadcrumb"},"inLanguage":"es-CL","potentialAction":[{"@type":"ReadAction","target":["https:\/\/www.qservus.com\/es\/ebook-la-guia-definitiva-de-encuestas-nps\/"]}]},{"@type":"ImageObject","inLanguage":"es-CL","@id":"https:\/\/www.qservus.com\/es\/ebook-la-guia-definitiva-de-encuestas-nps\/#primaryimage","url":"https:\/\/www.qservus.com\/wp-content\/uploads\/2023\/07\/focused-couple-with-tablet-analyzing-family-budget.webp","contentUrl":"https:\/\/www.qservus.com\/wp-content\/uploads\/2023\/07\/focused-couple-with-tablet-analyzing-family-budget.webp","width":1000,"height":667},{"@type":"BreadcrumbList","@id":"https:\/\/www.qservus.com\/es\/ebook-la-guia-definitiva-de-encuestas-nps\/#breadcrumb","itemListElement":[{"@type":"ListItem","position":1,"name":"Portada","item":"https:\/\/www.qservus.com\/es\/"},{"@type":"ListItem","position":2,"name":"Ebook &#8211; La gu\u00eda definitiva de encuestas NPS"}]},{"@type":"WebSite","@id":"https:\/\/www.qservus.com\/es\/#website","url":"https:\/\/www.qservus.com\/es\/","name":"QServus","description":"Gesti\u00f3n de la excelencia en tiempo real","publisher":{"@id":"https:\/\/www.qservus.com\/es\/#organization"},"potentialAction":[{"@type":"SearchAction","target":{"@type":"EntryPoint","urlTemplate":"https:\/\/www.qservus.com\/es\/?s={search_term_string}"},"query-input":{"@type":"PropertyValueSpecification","valueRequired":true,"valueName":"search_term_string"}}],"inLanguage":"es-CL"},{"@type":"Organization","@id":"https:\/\/www.qservus.com\/es\/#organization","name":"QServus","url":"https:\/\/www.qservus.com\/es\/","logo":{"@type":"ImageObject","inLanguage":"es-CL","@id":"https:\/\/www.qservus.com\/es\/#\/schema\/logo\/image\/","url":"https:\/\/qservuswebsite.wpengine.com\/wp-content\/uploads\/2023\/05\/logoRecurso-2.png","contentUrl":"https:\/\/qservuswebsite.wpengine.com\/wp-content\/uploads\/2023\/05\/logoRecurso-2.png","width":2411,"height":812,"caption":"QServus"},"image":{"@id":"https:\/\/www.qservus.com\/es\/#\/schema\/logo\/image\/"},"sameAs":["https:\/\/www.facebook.com\/QServus\/","https:\/\/x.com\/redcalidad"]}]}},"featured_image_src":"https:\/\/www.qservus.com\/wp-content\/uploads\/2023\/07\/focused-couple-with-tablet-analyzing-family-budget-600x400.webp","featured_image_src_square":"https:\/\/www.qservus.com\/wp-content\/uploads\/2023\/07\/focused-couple-with-tablet-analyzing-family-budget-600x600.webp","_links":{"self":[{"href":"https:\/\/www.qservus.com\/es\/wp-json\/wp\/v2\/pages\/1240","targetHints":{"allow":["GET"]}}],"collection":[{"href":"https:\/\/www.qservus.com\/es\/wp-json\/wp\/v2\/pages"}],"about":[{"href":"https:\/\/www.qservus.com\/es\/wp-json\/wp\/v2\/types\/page"}],"author":[{"embeddable":true,"href":"https:\/\/www.qservus.com\/es\/wp-json\/wp\/v2\/users\/2"}],"replies":[{"embeddable":true,"href":"https:\/\/www.qservus.com\/es\/wp-json\/wp\/v2\/comments?post=1240"}],"version-history":[{"count":0,"href":"https:\/\/www.qservus.com\/es\/wp-json\/wp\/v2\/pages\/1240\/revisions"}],"wp:featuredmedia":[{"embeddable":true,"href":"https:\/\/www.qservus.com\/es\/wp-json\/wp\/v2\/media\/1645"}],"wp:attachment":[{"href":"https:\/\/www.qservus.com\/es\/wp-json\/wp\/v2\/media?parent=1240"}],"curies":[{"name":"wp","href":"https:\/\/api.w.org\/{rel}","templated":true}]}}