{"id":1331,"date":"2023-06-23T12:13:38","date_gmt":"2023-06-23T12:13:38","guid":{"rendered":"https:\/\/qservuswebsite.wpengine.com\/?page_id=1331"},"modified":"2023-08-25T21:32:00","modified_gmt":"2023-08-25T21:32:00","slug":"ebook-guia-para-un-buen-diseno-de-encuestas","status":"publish","type":"page","link":"https:\/\/www.qservus.com\/en\/ebook-guia-para-un-buen-diseno-de-encuestas\/","title":{"rendered":"Ebook &#8211; Gu\u00eda para un buen dise\u00f1o de encuestas"},"content":{"rendered":"<div data-elementor-type=\"wp-page\" data-elementor-id=\"1331\" class=\"elementor elementor-1331\" data-elementor-settings=\"{&quot;ha_cmc_init_switcher&quot;:&quot;no&quot;}\">\n\t\t\t\t\t\t<section class=\"elementor-section elementor-top-section elementor-element elementor-element-567878f elementor-section-full_width elementor-section-height-default elementor-section-height-default wpr-particle-no wpr-jarallax-no wpr-parallax-no wpr-sticky-section-no\" data-id=\"567878f\" data-element_type=\"section\" data-e-type=\"section\" data-settings=\"{&quot;background_background&quot;:&quot;classic&quot;,&quot;_ha_eqh_enable&quot;:false}\">\n\t\t\t\t\t\t<div class=\"elementor-container elementor-column-gap-default\">\n\t\t\t\t\t<div class=\"elementor-column elementor-col-50 elementor-top-column elementor-element elementor-element-cb9bef7\" data-id=\"cb9bef7\" data-element_type=\"column\" data-e-type=\"column\">\n\t\t\t<div class=\"elementor-widget-wrap elementor-element-populated\">\n\t\t\t\t\t\t<div class=\"elementor-element elementor-element-170ae7b elementor-widget elementor-widget-text-editor\" data-id=\"170ae7b\" data-element_type=\"widget\" data-e-type=\"widget\" data-widget_type=\"text-editor.default\">\n\t\t\t\t<div class=\"elementor-widget-container\">\n\t\t\t\t\t\t\t\t\t<p>EBOOK<\/p>\t\t\t\t\t\t\t\t<\/div>\n\t\t\t\t<\/div>\n\t\t\t\t<div class=\"elementor-element elementor-element-0b0595a elementor-widget elementor-widget-heading\" data-id=\"0b0595a\" data-element_type=\"widget\" data-e-type=\"widget\" data-widget_type=\"heading.default\">\n\t\t\t\t<div class=\"elementor-widget-container\">\n\t\t\t\t\t<h2 class=\"elementor-heading-title elementor-size-default\">Guide to effective survey design<\/h2>\t\t\t\t<\/div>\n\t\t\t\t<\/div>\n\t\t\t\t<div class=\"elementor-element elementor-element-faad123 elementor-widget elementor-widget-image\" data-id=\"faad123\" data-element_type=\"widget\" data-e-type=\"widget\" data-widget_type=\"image.default\">\n\t\t\t\t<div class=\"elementor-widget-container\">\n\t\t\t\t\t\t\t\t\t\t\t\t\t\t\t<img decoding=\"async\" src=\"https:\/\/qservuswebsite.wpengine.com\/wp-content\/uploads\/2023\/06\/ebookss-3.png\" title=\"\" alt=\"\" loading=\"lazy\" \/>\t\t\t\t\t\t\t\t\t\t\t\t\t\t\t<\/div>\n\t\t\t\t<\/div>\n\t\t\t\t<div class=\"elementor-element elementor-element-750e405 elementor-widget elementor-widget-text-editor\" data-id=\"750e405\" data-element_type=\"widget\" data-e-type=\"widget\" data-widget_type=\"text-editor.default\">\n\t\t\t\t<div class=\"elementor-widget-container\">\n\t\t\t\t\t\t\t\t\t<p>Download our exclusive guide to effective survey design now and achieve impactful results! In this guide, you will discover:<\/p><ol><li>Identifying the need: Why conduct a survey?<\/li><li>Designing: Create surveys that truly work.<\/li><li>Building: Transform objectives into specific questions.<\/li><li>Collecting: Obtain valuable responses to your questions.<\/li><li>Reporting: Present relevant data effectively.<\/li><li>Taking Action: Apply the lessons learned from your survey.<\/li><\/ol><p>Don't miss this opportunity to learn and achieve successful survey design! Enter your information below and get your free copy.<\/p>\t\t\t\t\t\t\t\t<\/div>\n\t\t\t\t<\/div>\n\t\t\t\t\t<\/div>\n\t\t<\/div>\n\t\t\t\t<div class=\"elementor-column elementor-col-50 elementor-top-column elementor-element elementor-element-099b1fd\" data-id=\"099b1fd\" data-element_type=\"column\" data-e-type=\"column\" data-settings=\"{&quot;background_background&quot;:&quot;classic&quot;}\">\n\t\t\t<div class=\"elementor-widget-wrap elementor-element-populated\">\n\t\t\t\t\t\t<div class=\"elementor-element elementor-element-7e1b9e2 elementor-widget elementor-widget-text-editor\" data-id=\"7e1b9e2\" data-element_type=\"widget\" data-e-type=\"widget\" data-widget_type=\"text-editor.default\">\n\t\t\t\t<div class=\"elementor-widget-container\">\n\t\t\t\t\t\t\t\t\t<p>Download now<\/p>\t\t\t\t\t\t\t\t<\/div>\n\t\t\t\t<\/div>\n\t\t\t\t<div class=\"elementor-element elementor-element-1262ded ekit_wpForms_container-form-button-custom elementor-widget elementor-widget-elementskit-wp-forms\" data-id=\"1262ded\" data-element_type=\"widget\" data-e-type=\"widget\" data-widget_type=\"elementskit-wp-forms.default\">\n\t\t\t\t<div class=\"elementor-widget-container\">\n\t\t\t\t\t<div class=\"ekit-wid-con ekit_wpForms_container\"><style id=\"wpforms-css-vars-1908\">\n\t\t\t\t#wpforms-1908 {\n\t\t\t\t\n\t\t\t}\n\t\t\t<\/style><div class=\"wpforms-container wpforms-container-full wpforms-render-modern\" id=\"wpforms-1908\"><form id=\"wpforms-form-1908\" class=\"wpforms-validate wpforms-form wpforms-ajax-form\" data-formid=\"1908\" method=\"post\" enctype=\"multipart\/form-data\" action=\"\/en\/ebook-guia-para-un-buen-diseno-de-encuestas\/\" data-token=\"7740c5adf1026d25d9c47125d650983a\" data-token-time=\"1776766941\" data-trp-original-action=\"\/en\/ebook-guia-para-un-buen-diseno-de-encuestas\/\"><noscript class=\"wpforms-error-noscript\" data-no-translation=\"\" data-trp-gettext=\"\">Please enable JavaScript in your browser to complete this form.<\/noscript><div id=\"wpforms-error-noscript\" style=\"display: none;\" data-no-translation=\"\" data-trp-gettext=\"\">Please enable JavaScript in your browser to complete this form.<\/div><div class=\"wpforms-field-container\"><div id=\"wpforms-1908-field_0-container\" class=\"wpforms-field wpforms-field-name\" data-field-id=\"0\"><label class=\"wpforms-field-label\" for=\"wpforms-1908-field_0\">Name <span class=\"wpforms-required-label\" aria-hidden=\"true\">*<\/span><\/label><input type=\"text\" id=\"wpforms-1908-field_0\" class=\"wpforms-field-medium wpforms-field-required\" name=\"wpforms[fields][0]\" aria-errormessage=\"wpforms-1908-field_0-error\" required><\/div><div id=\"wpforms-1908-field_3-container\" class=\"wpforms-field wpforms-field-name\" data-field-id=\"3\"><label class=\"wpforms-field-label\" for=\"wpforms-1908-field_3\">Company <span class=\"wpforms-required-label\" aria-hidden=\"true\">*<\/span><\/label><input type=\"text\" id=\"wpforms-1908-field_3\" class=\"wpforms-field-medium wpforms-field-required\" name=\"wpforms[fields][3]\" aria-errormessage=\"wpforms-1908-field_3-error\" required><\/div><div id=\"wpforms-1908-field_4-container\" class=\"wpforms-field wpforms-field-name\" data-field-id=\"4\"><label class=\"wpforms-field-label\" for=\"wpforms-1908-field_4\">Position <span class=\"wpforms-required-label\" aria-hidden=\"true\">*<\/span><\/label><input type=\"text\" id=\"wpforms-1908-field_4\" class=\"wpforms-field-medium wpforms-field-required\" name=\"wpforms[fields][4]\" aria-errormessage=\"wpforms-1908-field_4-error\" required><\/div><div id=\"wpforms-1908-field_1-container\" class=\"wpforms-field wpforms-field-email\" data-field-id=\"1\"><label class=\"wpforms-field-label\" for=\"wpforms-1908-field_1\">Corporate email <span class=\"wpforms-required-label\" aria-hidden=\"true\">*<\/span><\/label><input type=\"email\" id=\"wpforms-1908-field_1\" class=\"wpforms-field-medium wpforms-field-required\" name=\"wpforms[fields][1]\" spellcheck=\"false\" aria-errormessage=\"wpforms-1908-field_1-error\" required><\/div><div id=\"wpforms-1908-field_9-container\" class=\"wpforms-field wpforms-field-number\" data-field-id=\"9\"><label class=\"wpforms-field-label\" for=\"wpforms-1908-field_9\">Phone <span class=\"wpforms-required-label\" aria-hidden=\"true\">*<\/span><\/label><input type=\"number\" id=\"wpforms-1908-field_9\" class=\"wpforms-field-medium wpforms-field-required\" name=\"wpforms[fields][9]\" step=\"any\" aria-errormessage=\"wpforms-1908-field_9-error\" required><\/div><div id=\"wpforms-1908-field_7-container\" class=\"wpforms-field wpforms-field-checkbox\" data-field-id=\"7\"><fieldset><legend class=\"wpforms-field-label wpforms-label-hide\" aria-hidden=\"false\">Checkboxes <span class=\"wpforms-required-label\" aria-hidden=\"true\">*<\/span><\/legend><ul id=\"wpforms-1908-field_7\" class=\"wpforms-field-required\"><li class=\"choice-3 depth-1\"><input type=\"checkbox\" id=\"wpforms-1908-field_7_3\" name=\"wpforms[fields][7][]\" value=\"He le\u00eddo y acepto la pol\u00edtica de privacidad.\" aria-errormessage=\"wpforms-1908-field_7_3-error\" required><label class=\"wpforms-field-label-inline\" for=\"wpforms-1908-field_7_3\">I have read and accept the privacy policy.<\/label><\/li><\/ul><\/fieldset><\/div><\/div><!-- .wpforms-field-container --><div class=\"wpforms-submit-container\" ><input type=\"hidden\" name=\"wpforms[id]\" value=\"1908\"><input type=\"hidden\" name=\"page_title\" value=\"Ebook &#8211; Gu\u00eda para un buen dise\u00f1o de encuestas\"><input type=\"hidden\" name=\"page_url\" value=\"https:\/\/www.qservus.com\/en\/ebook-guia-para-un-buen-diseno-de-encuestas\/\"><input type=\"hidden\" name=\"url_referer\" value=\"\"><input type=\"hidden\" name=\"page_id\" value=\"1331\"><input type=\"hidden\" name=\"wpforms[post_id]\" value=\"1331\"><button type=\"submit\" name=\"wpforms[submit]\" id=\"wpforms-submit-1908\" class=\"wpforms-submit\" data-alt-text=\"Enviando...\" data-submit-text=\"Enviar\" aria-live=\"assertive\" value=\"wpforms-submit\">Submit<\/button><img decoding=\"async\" src=\"https:\/\/www.qservus.com\/wp-content\/plugins\/wpforms-lite\/assets\/images\/submit-spin.svg\" class=\"wpforms-submit-spinner\" style=\"display: none;\" width=\"26\" height=\"26\" alt=\"Loading\" data-no-translation-alt=\"\"><\/div><input type=\"hidden\" name=\"trp-form-language\" value=\"en\"\/><\/form><\/div>  <!-- .wpforms-container --><\/div>\t\t\t\t<\/div>\n\t\t\t\t<\/div>\n\t\t\t\t\t<\/div>\n\t\t<\/div>\n\t\t\t\t\t<\/div>\n\t\t<\/section>\n\t\t\t\t<\/div>","protected":false},"excerpt":{"rendered":"<p>EBOOK Gu\u00eda para un buen dise\u00f1o de encuestas \u00a1Descarga ahora mismo nuestra gu\u00eda exclusiva para un dise\u00f1o de encuestas efectivo y obt\u00e9n resultados impactantes! En esta gu\u00eda descubrir\u00e1s: Identificar la necesidad: \u00bfPor qu\u00e9 realizar una encuesta? Dise\u00f1ar: Crea encuestas que realmente funcionen. Construir: Transforma objetivos en preguntas concretas. Recolectar: Obt\u00e9n respuestas valiosas a tus preguntas. Informar: Presenta los datos relevantes de manera efectiva. Actuar: Aplica las lecciones aprendidas de tu encuesta. \u00a1No te pierdas esta oportunidad de aprender y lograr un dise\u00f1o de encuestas exitoso! Ingresa tus datos a continuaci\u00f3n y obt\u00e9n tu copia gratuita. Descargar ahora Please enable JavaScript in your browser to complete this form.Please enable JavaScript in your browser to complete this form.Nombre *Empresa *Cargo *Email corporativo *Tel\u00e9fono * Checkboxes * He le\u00eddo y acepto la pol\u00edtica de privacidad. Enviar<\/p>","protected":false},"author":2,"featured_media":1780,"parent":0,"menu_order":0,"comment_status":"closed","ping_status":"closed","template":"","meta":{"content-type":"","_monsterinsights_skip_tracking":false,"_monsterinsights_sitenote_active":false,"_monsterinsights_sitenote_note":"","_monsterinsights_sitenote_category":0,"site-sidebar-layout":"no-sidebar","site-content-layout":"page-builder","ast-site-content-layout":"default","site-content-style":"default","site-sidebar-style":"default","ast-global-header-display":"","ast-banner-title-visibility":"","ast-main-header-display":"","ast-hfb-above-header-display":"","ast-hfb-below-header-display":"","ast-hfb-mobile-header-display":"","site-post-title":"disabled","ast-breadcrumbs-content":"","ast-featured-img":"disabled","footer-sml-layout":"","ast-disable-related-posts":"","theme-transparent-header-meta":"","adv-header-id-meta":"","stick-header-meta":"","header-above-stick-meta":"","header-main-stick-meta":"","header-below-stick-meta":"","astra-migrate-meta-layouts":"default","ast-page-background-enabled":"default","ast-page-background-meta":{"desktop":{"background-color":"var(--ast-global-color-4)","background-image":"","background-repeat":"repeat","background-position":"center center","background-size":"auto","background-attachment":"scroll","background-type":"","background-media":"","overlay-type":"","overlay-color":"","overlay-opacity":"","overlay-gradient":""},"tablet":{"background-color":"","background-image":"","background-repeat":"repeat","background-position":"center center","background-size":"auto","background-attachment":"scroll","background-type":"","background-media":"","overlay-type":"","overlay-color":"","overlay-opacity":"","overlay-gradient":""},"mobile":{"background-color":"","background-image":"","background-repeat":"repeat","background-position":"center center","background-size":"auto","background-attachment":"scroll","background-type":"","background-media":"","overlay-type":"","overlay-color":"","overlay-opacity":"","overlay-gradient":""}},"ast-content-background-meta":{"desktop":{"background-color":"var(--ast-global-color-5)","background-image":"","background-repeat":"repeat","background-position":"center center","background-size":"auto","background-attachment":"scroll","background-type":"","background-media":"","overlay-type":"","overlay-color":"","overlay-opacity":"","overlay-gradient":""},"tablet":{"background-color":"var(--ast-global-color-5)","background-image":"","background-repeat":"repeat","background-position":"center center","background-size":"auto","background-attachment":"scroll","background-type":"","background-media":"","overlay-type":"","overlay-color":"","overlay-opacity":"","overlay-gradient":""},"mobile":{"background-color":"var(--ast-global-color-5)","background-image":"","background-repeat":"repeat","background-position":"center center","background-size":"auto","background-attachment":"scroll","background-type":"","background-media":"","overlay-type":"","overlay-color":"","overlay-opacity":"","overlay-gradient":""}},"footnotes":""},"class_list":["post-1331","page","type-page","status-publish","has-post-thumbnail","hentry"],"yoast_head":"<!-- This site is optimized with the Yoast SEO plugin v26.8 - https:\/\/yoast.com\/product\/yoast-seo-wordpress\/ -->\n<title>Ebook - Gu\u00eda para un buen dise\u00f1o de encuestas<\/title>\n<meta name=\"description\" content=\"\u00a1Descarga ahora mismo nuestra gu\u00eda exclusiva para un dise\u00f1o de encuestas efectivo y obt\u00e9n resultados impactantes!\" \/>\n<meta name=\"robots\" content=\"index, follow, max-snippet:-1, max-image-preview:large, max-video-preview:-1\" \/>\n<link rel=\"canonical\" href=\"https:\/\/www.qservus.com\/en\/ebook-guia-para-un-buen-diseno-de-encuestas\/\" \/>\n<meta property=\"og:locale\" content=\"en_US\" \/>\n<meta property=\"og:type\" content=\"article\" \/>\n<meta property=\"og:title\" content=\"Ebook - Gu\u00eda para un buen dise\u00f1o de encuestas\" \/>\n<meta property=\"og:description\" content=\"\u00a1Descarga ahora mismo nuestra gu\u00eda exclusiva para un dise\u00f1o de encuestas efectivo y obt\u00e9n resultados impactantes!\" \/>\n<meta property=\"og:url\" content=\"https:\/\/www.qservus.com\/en\/ebook-guia-para-un-buen-diseno-de-encuestas\/\" \/>\n<meta property=\"og:site_name\" content=\"QServus\" \/>\n<meta property=\"article:publisher\" content=\"https:\/\/www.facebook.com\/QServus\/\" \/>\n<meta property=\"article:modified_time\" content=\"2023-08-25T21:32:00+00:00\" \/>\n<meta property=\"og:image\" content=\"https:\/\/www.qservus.com\/wp-content\/uploads\/2023\/07\/Diseno-sin-titulo-21.webp\" \/>\n\t<meta property=\"og:image:width\" content=\"1000\" \/>\n\t<meta property=\"og:image:height\" content=\"667\" \/>\n\t<meta property=\"og:image:type\" content=\"image\/webp\" \/>\n<meta name=\"twitter:card\" content=\"summary_large_image\" \/>\n<meta name=\"twitter:site\" content=\"@redcalidad\" \/>\n<meta name=\"twitter:label1\" content=\"Est. reading time\" \/>\n\t<meta name=\"twitter:data1\" content=\"2 minutes\" \/>\n<script type=\"application\/ld+json\" class=\"yoast-schema-graph\">{\"@context\":\"https:\/\/schema.org\",\"@graph\":[{\"@type\":\"WebPage\",\"@id\":\"https:\/\/www.qservus.com\/es\/ebook-guia-para-un-buen-diseno-de-encuestas\/\",\"url\":\"https:\/\/www.qservus.com\/es\/ebook-guia-para-un-buen-diseno-de-encuestas\/\",\"name\":\"Ebook - Gu\u00eda para un buen dise\u00f1o de encuestas\",\"isPartOf\":{\"@id\":\"https:\/\/www.qservus.com\/es\/#website\"},\"primaryImageOfPage\":{\"@id\":\"https:\/\/www.qservus.com\/es\/ebook-guia-para-un-buen-diseno-de-encuestas\/#primaryimage\"},\"image\":{\"@id\":\"https:\/\/www.qservus.com\/es\/ebook-guia-para-un-buen-diseno-de-encuestas\/#primaryimage\"},\"thumbnailUrl\":\"https:\/\/www.qservus.com\/wp-content\/uploads\/2023\/07\/Diseno-sin-titulo-21.webp\",\"datePublished\":\"2023-06-23T12:13:38+00:00\",\"dateModified\":\"2023-08-25T21:32:00+00:00\",\"description\":\"\u00a1Descarga ahora mismo nuestra gu\u00eda exclusiva para un dise\u00f1o de encuestas efectivo y obt\u00e9n resultados impactantes!\",\"breadcrumb\":{\"@id\":\"https:\/\/www.qservus.com\/es\/ebook-guia-para-un-buen-diseno-de-encuestas\/#breadcrumb\"},\"inLanguage\":\"en-US\",\"potentialAction\":[{\"@type\":\"ReadAction\",\"target\":[\"https:\/\/www.qservus.com\/es\/ebook-guia-para-un-buen-diseno-de-encuestas\/\"]}]},{\"@type\":\"ImageObject\",\"inLanguage\":\"en-US\",\"@id\":\"https:\/\/www.qservus.com\/es\/ebook-guia-para-un-buen-diseno-de-encuestas\/#primaryimage\",\"url\":\"https:\/\/www.qservus.com\/wp-content\/uploads\/2023\/07\/Diseno-sin-titulo-21.webp\",\"contentUrl\":\"https:\/\/www.qservus.com\/wp-content\/uploads\/2023\/07\/Diseno-sin-titulo-21.webp\",\"width\":1000,\"height\":667},{\"@type\":\"BreadcrumbList\",\"@id\":\"https:\/\/www.qservus.com\/es\/ebook-guia-para-un-buen-diseno-de-encuestas\/#breadcrumb\",\"itemListElement\":[{\"@type\":\"ListItem\",\"position\":1,\"name\":\"Portada\",\"item\":\"https:\/\/www.qservus.com\/es\/\"},{\"@type\":\"ListItem\",\"position\":2,\"name\":\"Ebook &#8211; Gu\u00eda para un buen dise\u00f1o de encuestas\"}]},{\"@type\":\"WebSite\",\"@id\":\"https:\/\/www.qservus.com\/es\/#website\",\"url\":\"https:\/\/www.qservus.com\/es\/\",\"name\":\"QServus\",\"description\":\"Gesti\u00f3n de la excelencia en tiempo real\",\"publisher\":{\"@id\":\"https:\/\/www.qservus.com\/es\/#organization\"},\"potentialAction\":[{\"@type\":\"SearchAction\",\"target\":{\"@type\":\"EntryPoint\",\"urlTemplate\":\"https:\/\/www.qservus.com\/es\/?s={search_term_string}\"},\"query-input\":{\"@type\":\"PropertyValueSpecification\",\"valueRequired\":true,\"valueName\":\"search_term_string\"}}],\"inLanguage\":\"en-US\"},{\"@type\":\"Organization\",\"@id\":\"https:\/\/www.qservus.com\/es\/#organization\",\"name\":\"QServus\",\"url\":\"https:\/\/www.qservus.com\/es\/\",\"logo\":{\"@type\":\"ImageObject\",\"inLanguage\":\"en-US\",\"@id\":\"https:\/\/www.qservus.com\/es\/#\/schema\/logo\/image\/\",\"url\":\"https:\/\/qservuswebsite.wpengine.com\/wp-content\/uploads\/2023\/05\/logoRecurso-2.png\",\"contentUrl\":\"https:\/\/qservuswebsite.wpengine.com\/wp-content\/uploads\/2023\/05\/logoRecurso-2.png\",\"width\":2411,\"height\":812,\"caption\":\"QServus\"},\"image\":{\"@id\":\"https:\/\/www.qservus.com\/es\/#\/schema\/logo\/image\/\"},\"sameAs\":[\"https:\/\/www.facebook.com\/QServus\/\",\"https:\/\/x.com\/redcalidad\"]}]}<\/script>\n<!-- \/ Yoast SEO plugin. -->","yoast_head_json":{"title":"Ebook - Gu\u00eda para un buen dise\u00f1o de encuestas","description":"\u00a1Descarga ahora mismo nuestra gu\u00eda exclusiva para un dise\u00f1o de encuestas efectivo y obt\u00e9n resultados impactantes!","robots":{"index":"index","follow":"follow","max-snippet":"max-snippet:-1","max-image-preview":"max-image-preview:large","max-video-preview":"max-video-preview:-1"},"canonical":"https:\/\/www.qservus.com\/en\/ebook-guia-para-un-buen-diseno-de-encuestas\/","og_locale":"en_US","og_type":"article","og_title":"Ebook - Gu\u00eda para un buen dise\u00f1o de encuestas","og_description":"\u00a1Descarga ahora mismo nuestra gu\u00eda exclusiva para un dise\u00f1o de encuestas efectivo y obt\u00e9n resultados impactantes!","og_url":"https:\/\/www.qservus.com\/en\/ebook-guia-para-un-buen-diseno-de-encuestas\/","og_site_name":"QServus","article_publisher":"https:\/\/www.facebook.com\/QServus\/","article_modified_time":"2023-08-25T21:32:00+00:00","og_image":[{"width":1000,"height":667,"url":"https:\/\/www.qservus.com\/wp-content\/uploads\/2023\/07\/Diseno-sin-titulo-21.webp","type":"image\/webp"}],"twitter_card":"summary_large_image","twitter_site":"@redcalidad","twitter_misc":{"Est. reading time":"2 minutes"},"schema":{"@context":"https:\/\/schema.org","@graph":[{"@type":"WebPage","@id":"https:\/\/www.qservus.com\/es\/ebook-guia-para-un-buen-diseno-de-encuestas\/","url":"https:\/\/www.qservus.com\/es\/ebook-guia-para-un-buen-diseno-de-encuestas\/","name":"Ebook - Gu\u00eda para un buen dise\u00f1o de encuestas","isPartOf":{"@id":"https:\/\/www.qservus.com\/es\/#website"},"primaryImageOfPage":{"@id":"https:\/\/www.qservus.com\/es\/ebook-guia-para-un-buen-diseno-de-encuestas\/#primaryimage"},"image":{"@id":"https:\/\/www.qservus.com\/es\/ebook-guia-para-un-buen-diseno-de-encuestas\/#primaryimage"},"thumbnailUrl":"https:\/\/www.qservus.com\/wp-content\/uploads\/2023\/07\/Diseno-sin-titulo-21.webp","datePublished":"2023-06-23T12:13:38+00:00","dateModified":"2023-08-25T21:32:00+00:00","description":"\u00a1Descarga ahora mismo nuestra gu\u00eda exclusiva para un dise\u00f1o de encuestas efectivo y obt\u00e9n resultados impactantes!","breadcrumb":{"@id":"https:\/\/www.qservus.com\/es\/ebook-guia-para-un-buen-diseno-de-encuestas\/#breadcrumb"},"inLanguage":"en-US","potentialAction":[{"@type":"ReadAction","target":["https:\/\/www.qservus.com\/es\/ebook-guia-para-un-buen-diseno-de-encuestas\/"]}]},{"@type":"ImageObject","inLanguage":"en-US","@id":"https:\/\/www.qservus.com\/es\/ebook-guia-para-un-buen-diseno-de-encuestas\/#primaryimage","url":"https:\/\/www.qservus.com\/wp-content\/uploads\/2023\/07\/Diseno-sin-titulo-21.webp","contentUrl":"https:\/\/www.qservus.com\/wp-content\/uploads\/2023\/07\/Diseno-sin-titulo-21.webp","width":1000,"height":667},{"@type":"BreadcrumbList","@id":"https:\/\/www.qservus.com\/es\/ebook-guia-para-un-buen-diseno-de-encuestas\/#breadcrumb","itemListElement":[{"@type":"ListItem","position":1,"name":"Portada","item":"https:\/\/www.qservus.com\/es\/"},{"@type":"ListItem","position":2,"name":"Ebook &#8211; Gu\u00eda para un buen dise\u00f1o de encuestas"}]},{"@type":"WebSite","@id":"https:\/\/www.qservus.com\/es\/#website","url":"https:\/\/www.qservus.com\/es\/","name":"QServus","description":"Gesti\u00f3n de la excelencia en tiempo real","publisher":{"@id":"https:\/\/www.qservus.com\/es\/#organization"},"potentialAction":[{"@type":"SearchAction","target":{"@type":"EntryPoint","urlTemplate":"https:\/\/www.qservus.com\/es\/?s={search_term_string}"},"query-input":{"@type":"PropertyValueSpecification","valueRequired":true,"valueName":"search_term_string"}}],"inLanguage":"en-US"},{"@type":"Organization","@id":"https:\/\/www.qservus.com\/es\/#organization","name":"QServus","url":"https:\/\/www.qservus.com\/es\/","logo":{"@type":"ImageObject","inLanguage":"en-US","@id":"https:\/\/www.qservus.com\/es\/#\/schema\/logo\/image\/","url":"https:\/\/qservuswebsite.wpengine.com\/wp-content\/uploads\/2023\/05\/logoRecurso-2.png","contentUrl":"https:\/\/qservuswebsite.wpengine.com\/wp-content\/uploads\/2023\/05\/logoRecurso-2.png","width":2411,"height":812,"caption":"QServus"},"image":{"@id":"https:\/\/www.qservus.com\/es\/#\/schema\/logo\/image\/"},"sameAs":["https:\/\/www.facebook.com\/QServus\/","https:\/\/x.com\/redcalidad"]}]}},"featured_image_src":"https:\/\/www.qservus.com\/wp-content\/uploads\/2023\/07\/Diseno-sin-titulo-21-600x400.webp","featured_image_src_square":"https:\/\/www.qservus.com\/wp-content\/uploads\/2023\/07\/Diseno-sin-titulo-21-600x600.webp","_links":{"self":[{"href":"https:\/\/www.qservus.com\/en\/wp-json\/wp\/v2\/pages\/1331","targetHints":{"allow":["GET"]}}],"collection":[{"href":"https:\/\/www.qservus.com\/en\/wp-json\/wp\/v2\/pages"}],"about":[{"href":"https:\/\/www.qservus.com\/en\/wp-json\/wp\/v2\/types\/page"}],"author":[{"embeddable":true,"href":"https:\/\/www.qservus.com\/en\/wp-json\/wp\/v2\/users\/2"}],"replies":[{"embeddable":true,"href":"https:\/\/www.qservus.com\/en\/wp-json\/wp\/v2\/comments?post=1331"}],"version-history":[{"count":0,"href":"https:\/\/www.qservus.com\/en\/wp-json\/wp\/v2\/pages\/1331\/revisions"}],"wp:featuredmedia":[{"embeddable":true,"href":"https:\/\/www.qservus.com\/en\/wp-json\/wp\/v2\/media\/1780"}],"wp:attachment":[{"href":"https:\/\/www.qservus.com\/en\/wp-json\/wp\/v2\/media?parent=1331"}],"curies":[{"name":"wp","href":"https:\/\/api.w.org\/{rel}","templated":true}]}}